{"id":487,"date":"2022-01-22T10:18:04","date_gmt":"2022-01-22T09:18:04","guid":{"rendered":"http:\/\/www2.sonnelaas.com\/prenotazione\/"},"modified":"2023-01-30T12:28:19","modified_gmt":"2023-01-30T11:28:19","slug":"prenotazione","status":"publish","type":"page","link":"https:\/\/sonnelaas.com\/it\/prenotazione\/","title":{"rendered":"Prenotazione"},"content":{"rendered":"\n<h1>\n\t\tPrenotazione\n\t<\/h1>\n\t<p>Qui \u00e8 possibile verificare la disponibilit\u00e0 e prenotare direttamente il Vs soggiorno. Si tenga conto per\u00f3 che non tutte le camere risultano disponibili dal ns sito. Pertanto se il controllo della disponibilit\u00e0 non rivelasse alcuna camera libera, Vi invitiamo comunque di inoltrare la Vs richiesta. In molti casi \u00e8 possibile trovare una soluzione alternativa. \u00c8 possibile effettuare una prenotazione anche senza pagamento in acconto &#8211; \u00e8 necessario tuttavia il possesso di una carta di credito.<\/p>\n\n","protected":false},"excerpt":{"rendered":"<p>Prenotazione Qui \u00e8 possibile verificare la disponibilit\u00e0 e prenotare direttamente il Vs soggiorno. Si tenga conto per\u00f3 che non tutte le camere risultano disponibili dal ns sito. Pertanto se il controllo della disponibilit\u00e0 non rivelasse alcuna camera libera, Vi invitiamo comunque di inoltrare la Vs richiesta. In molti casi \u00e8 possibile trovare una soluzione alternativa. [&hellip;]<\/p>\n","protected":false},"author":1,"featured_media":0,"parent":0,"menu_order":0,"comment_status":"closed","ping_status":"closed","template":"","meta":{"site-sidebar-layout":"default","site-content-layout":"","ast-site-content-layout":"default","site-content-style":"default","site-sidebar-style":"default","ast-global-header-display":"","ast-banner-title-visibility":"","ast-main-header-display":"","ast-hfb-above-header-display":"","ast-hfb-below-header-display":"","ast-hfb-mobile-header-display":"","site-post-title":"disabled","ast-breadcrumbs-content":"","ast-featured-img":"","footer-sml-layout":"","ast-disable-related-posts":"","theme-transparent-header-meta":"","adv-header-id-meta":"","stick-header-meta":"","header-above-stick-meta":"","header-main-stick-meta":"","header-below-stick-meta":"","astra-migrate-meta-layouts":"default","ast-page-background-enabled":"default","ast-page-background-meta":{"desktop":{"background-color":"var(--ast-global-color-4)","background-image":"","background-repeat":"repeat","background-position":"center center","background-size":"auto","background-attachment":"scroll","background-type":"","background-media":"","overlay-type":"","overlay-color":"","overlay-opacity":"","overlay-gradient":""},"tablet":{"background-color":"","background-image":"","background-repeat":"repeat","background-position":"center center","background-size":"auto","background-attachment":"scroll","background-type":"","background-media":"","overlay-type":"","overlay-color":"","overlay-opacity":"","overlay-gradient":""},"mobile":{"background-color":"","background-image":"","background-repeat":"repeat","background-position":"center center","background-size":"auto","background-attachment":"scroll","background-type":"","background-media":"","overlay-type":"","overlay-color":"","overlay-opacity":"","overlay-gradient":""}},"ast-content-background-meta":{"desktop":{"background-color":"var(--ast-global-color-5)","background-image":"","background-repeat":"repeat","background-position":"center center","background-size":"auto","background-attachment":"scroll","background-type":"","background-media":"","overlay-type":"","overlay-color":"","overlay-opacity":"","overlay-gradient":""},"tablet":{"background-color":"var(--ast-global-color-5)","background-image":"","background-repeat":"repeat","background-position":"center center","background-size":"auto","background-attachment":"scroll","background-type":"","background-media":"","overlay-type":"","overlay-color":"","overlay-opacity":"","overlay-gradient":""},"mobile":{"background-color":"var(--ast-global-color-5)","background-image":"","background-repeat":"repeat","background-position":"center center","background-size":"auto","background-attachment":"scroll","background-type":"","background-media":"","overlay-type":"","overlay-color":"","overlay-opacity":"","overlay-gradient":""}},"footnotes":""},"class_list":["post-487","page","type-page","status-publish","hentry"],"yoast_head":"<!-- This site is optimized with the Yoast SEO plugin v27.4 - https:\/\/yoast.com\/product\/yoast-seo-wordpress\/ -->\n<title>Prenotazione - Albergo al sole<\/title>\n<meta name=\"description\" content=\"Saremo lieti di accogliervi presto come ospiti nella nostra locanda! - Albergo al sole - Lasa\" \/>\n<meta name=\"robots\" content=\"index, follow, max-snippet:-1, max-image-preview:large, max-video-preview:-1\" \/>\n<link rel=\"canonical\" href=\"https:\/\/sonnelaas.com\/it\/prenotazione\/\" \/>\n<meta property=\"og:locale\" content=\"it_IT\" \/>\n<meta property=\"og:type\" content=\"article\" \/>\n<meta property=\"og:title\" content=\"Prenotazione - Albergo al sole\" \/>\n<meta property=\"og:description\" content=\"Saremo lieti di accogliervi presto come ospiti nella nostra locanda! - Albergo al sole - Lasa\" \/>\n<meta property=\"og:url\" content=\"https:\/\/sonnelaas.com\/it\/prenotazione\/\" \/>\n<meta property=\"og:site_name\" content=\"sonnelaas\" \/>\n<meta property=\"article:modified_time\" content=\"2023-01-30T11:28:19+00:00\" \/>\n<meta name=\"twitter:card\" content=\"summary_large_image\" \/>\n<script type=\"application\/ld+json\" class=\"yoast-schema-graph\">{\"@context\":\"https:\\\/\\\/schema.org\",\"@graph\":[{\"@type\":\"WebPage\",\"@id\":\"https:\\\/\\\/sonnelaas.com\\\/it\\\/prenotazione\\\/\",\"url\":\"https:\\\/\\\/sonnelaas.com\\\/it\\\/prenotazione\\\/\",\"name\":\"Prenotazione - Albergo al sole\",\"isPartOf\":{\"@id\":\"https:\\\/\\\/sonnelaas.com\\\/it\\\/#website\"},\"datePublished\":\"2022-01-22T09:18:04+00:00\",\"dateModified\":\"2023-01-30T11:28:19+00:00\",\"description\":\"Saremo lieti di accogliervi presto come ospiti nella nostra locanda! - Albergo al sole - Lasa\",\"breadcrumb\":{\"@id\":\"https:\\\/\\\/sonnelaas.com\\\/it\\\/prenotazione\\\/#breadcrumb\"},\"inLanguage\":\"it-IT\",\"potentialAction\":[{\"@type\":\"ReadAction\",\"target\":[\"https:\\\/\\\/sonnelaas.com\\\/it\\\/prenotazione\\\/\"]}]},{\"@type\":\"BreadcrumbList\",\"@id\":\"https:\\\/\\\/sonnelaas.com\\\/it\\\/prenotazione\\\/#breadcrumb\",\"itemListElement\":[{\"@type\":\"ListItem\",\"position\":1,\"name\":\"Startseite\",\"item\":\"https:\\\/\\\/sonnelaas.com\\\/it\\\/\"},{\"@type\":\"ListItem\",\"position\":2,\"name\":\"Prenotazione\"}]},{\"@type\":\"WebSite\",\"@id\":\"https:\\\/\\\/sonnelaas.com\\\/it\\\/#website\",\"url\":\"https:\\\/\\\/sonnelaas.com\\\/it\\\/\",\"name\":\"sonnelaas\",\"description\":\"Gasthof zur Sonne Laas\",\"publisher\":{\"@id\":\"https:\\\/\\\/sonnelaas.com\\\/it\\\/#organization\"},\"potentialAction\":[{\"@type\":\"SearchAction\",\"target\":{\"@type\":\"EntryPoint\",\"urlTemplate\":\"https:\\\/\\\/sonnelaas.com\\\/it\\\/?s={search_term_string}\"},\"query-input\":{\"@type\":\"PropertyValueSpecification\",\"valueRequired\":true,\"valueName\":\"search_term_string\"}}],\"inLanguage\":\"it-IT\"},{\"@type\":\"Organization\",\"@id\":\"https:\\\/\\\/sonnelaas.com\\\/it\\\/#organization\",\"name\":\"sonnelaas\",\"url\":\"https:\\\/\\\/sonnelaas.com\\\/it\\\/\",\"logo\":{\"@type\":\"ImageObject\",\"inLanguage\":\"it-IT\",\"@id\":\"https:\\\/\\\/sonnelaas.com\\\/it\\\/#\\\/schema\\\/logo\\\/image\\\/\",\"url\":\"https:\\\/\\\/sonnelaas.com\\\/wp-content\\\/uploads\\\/2022\\\/01\\\/LogoVectorSonnne.svg\",\"contentUrl\":\"https:\\\/\\\/sonnelaas.com\\\/wp-content\\\/uploads\\\/2022\\\/01\\\/LogoVectorSonnne.svg\",\"caption\":\"sonnelaas\"},\"image\":{\"@id\":\"https:\\\/\\\/sonnelaas.com\\\/it\\\/#\\\/schema\\\/logo\\\/image\\\/\"}}]}<\/script>\n<!-- \/ Yoast SEO plugin. -->","yoast_head_json":{"title":"Prenotazione - Albergo al sole","description":"Saremo lieti di accogliervi presto come ospiti nella nostra locanda! - Albergo al sole - Lasa","robots":{"index":"index","follow":"follow","max-snippet":"max-snippet:-1","max-image-preview":"max-image-preview:large","max-video-preview":"max-video-preview:-1"},"canonical":"https:\/\/sonnelaas.com\/it\/prenotazione\/","og_locale":"it_IT","og_type":"article","og_title":"Prenotazione - Albergo al sole","og_description":"Saremo lieti di accogliervi presto come ospiti nella nostra locanda! - Albergo al sole - Lasa","og_url":"https:\/\/sonnelaas.com\/it\/prenotazione\/","og_site_name":"sonnelaas","article_modified_time":"2023-01-30T11:28:19+00:00","twitter_card":"summary_large_image","schema":{"@context":"https:\/\/schema.org","@graph":[{"@type":"WebPage","@id":"https:\/\/sonnelaas.com\/it\/prenotazione\/","url":"https:\/\/sonnelaas.com\/it\/prenotazione\/","name":"Prenotazione - Albergo al sole","isPartOf":{"@id":"https:\/\/sonnelaas.com\/it\/#website"},"datePublished":"2022-01-22T09:18:04+00:00","dateModified":"2023-01-30T11:28:19+00:00","description":"Saremo lieti di accogliervi presto come ospiti nella nostra locanda! - Albergo al sole - Lasa","breadcrumb":{"@id":"https:\/\/sonnelaas.com\/it\/prenotazione\/#breadcrumb"},"inLanguage":"it-IT","potentialAction":[{"@type":"ReadAction","target":["https:\/\/sonnelaas.com\/it\/prenotazione\/"]}]},{"@type":"BreadcrumbList","@id":"https:\/\/sonnelaas.com\/it\/prenotazione\/#breadcrumb","itemListElement":[{"@type":"ListItem","position":1,"name":"Startseite","item":"https:\/\/sonnelaas.com\/it\/"},{"@type":"ListItem","position":2,"name":"Prenotazione"}]},{"@type":"WebSite","@id":"https:\/\/sonnelaas.com\/it\/#website","url":"https:\/\/sonnelaas.com\/it\/","name":"sonnelaas","description":"Gasthof zur Sonne Laas","publisher":{"@id":"https:\/\/sonnelaas.com\/it\/#organization"},"potentialAction":[{"@type":"SearchAction","target":{"@type":"EntryPoint","urlTemplate":"https:\/\/sonnelaas.com\/it\/?s={search_term_string}"},"query-input":{"@type":"PropertyValueSpecification","valueRequired":true,"valueName":"search_term_string"}}],"inLanguage":"it-IT"},{"@type":"Organization","@id":"https:\/\/sonnelaas.com\/it\/#organization","name":"sonnelaas","url":"https:\/\/sonnelaas.com\/it\/","logo":{"@type":"ImageObject","inLanguage":"it-IT","@id":"https:\/\/sonnelaas.com\/it\/#\/schema\/logo\/image\/","url":"https:\/\/sonnelaas.com\/wp-content\/uploads\/2022\/01\/LogoVectorSonnne.svg","contentUrl":"https:\/\/sonnelaas.com\/wp-content\/uploads\/2022\/01\/LogoVectorSonnne.svg","caption":"sonnelaas"},"image":{"@id":"https:\/\/sonnelaas.com\/it\/#\/schema\/logo\/image\/"}}]}},"_links":{"self":[{"href":"https:\/\/sonnelaas.com\/it\/wp-json\/wp\/v2\/pages\/487","targetHints":{"allow":["GET"]}}],"collection":[{"href":"https:\/\/sonnelaas.com\/it\/wp-json\/wp\/v2\/pages"}],"about":[{"href":"https:\/\/sonnelaas.com\/it\/wp-json\/wp\/v2\/types\/page"}],"author":[{"embeddable":true,"href":"https:\/\/sonnelaas.com\/it\/wp-json\/wp\/v2\/users\/1"}],"replies":[{"embeddable":true,"href":"https:\/\/sonnelaas.com\/it\/wp-json\/wp\/v2\/comments?post=487"}],"version-history":[{"count":3,"href":"https:\/\/sonnelaas.com\/it\/wp-json\/wp\/v2\/pages\/487\/revisions"}],"predecessor-version":[{"id":600,"href":"https:\/\/sonnelaas.com\/it\/wp-json\/wp\/v2\/pages\/487\/revisions\/600"}],"wp:attachment":[{"href":"https:\/\/sonnelaas.com\/it\/wp-json\/wp\/v2\/media?parent=487"}],"curies":[{"name":"wp","href":"https:\/\/api.w.org\/{rel}","templated":true}]}}