{"id":491,"date":"2022-01-22T10:42:19","date_gmt":"2022-01-22T09:42:19","guid":{"rendered":"http:\/\/www2.sonnelaas.com\/editoriale\/"},"modified":"2024-10-06T10:41:41","modified_gmt":"2024-10-06T08:41:41","slug":"editoriale","status":"publish","type":"page","link":"https:\/\/sonnelaas.com\/it\/editoriale\/","title":{"rendered":"Editoriale"},"content":{"rendered":"\n<h1>\n\t\tEditoriale\n\t<\/h1>\n\t<p>Proprietario e responsabile di queste pagine:<\/p>\n<strong>ALBERGO ZUR SONNE SAS<\/strong><br \/>\nd. Marseiler Werner &amp; Co. sas<br \/>\nI-39023 Lasa, via Venosta 24<br \/>\nAlto Adige &#8211; Sudtirolo &#8211; Italia\nTel. +39 0473 626523 &#8211; Fax +39 0473 628413<br \/>\nEmail: <a href=\"mailto:info@sonnelaas.com\">info@sonnelaas.com<\/a> &#8211; Web: <a href=\"http:\/\/www.sonnelaas.com\/index.html\" data-href=\"page:U29388\">www.sonnelaas.com<\/a><br \/>\nPartita IVA 02 348 570 215<br \/>\nCIN: IT021042A1R4SEQ3UY<br \/>\n\u00a9 Tutti diritti riservati\n<strong>Banche d&#8217;appoggio<\/strong>:<br \/>\nCassa Raiffeisen di Lasa: IBAN: IT 47 R 08117 58500 000300001678<br \/>\nBanca Popolare dell&#8217;Alto Adige: IBAN: IT 08 I 05856 58500 03757000338\n<p>Anche se abbiamo accuratamente controllato l`esatezza del contenuto di questo sito non assumiamo nessuna responsabilit\u00e1 per eventuali errrori, ecc.. Per i siti esterni sono responsabili esclusivamente i loro proprietari. Ci riserviamo il diritto di effetuare modifiche sulle informazioni riportate su questo sito senza preavviso. Tutti i loghi e marche usati in questo sito sono marchi registrati dalle rispettive ditte. Non si assume nessuna responsabilit\u00e1 per il contenuto dei siti esterni.<\/p>\n<p>Trasparenza Pubblicazione e trasparenza ai sensi della legge del 4 agosto 2017, 124 e seguenti, e successive modifiche.<a href=\"https:\/\/www.rna.gov.it\/RegistroNazionaleTrasparenza\/faces\/pages\/TrasparenzaAiuto.jspx\" data-href=\"https:\/\/www.rna.gov.it\/RegistroNazionaleTrasparenza\/faces\/pages\/TrasparenzaAiuto.jspx\">https:\/\/www.rna.gov.it\/RegistroNazionaleTrasparenza\/faces\/pages\/TrasparenzaAiuto.jspx<\/a><\/p>\n<h3>Concetto &amp; realizzazione<\/h3>\nRoland Lechner<br \/>\nI-39023 Laas<br \/>\nEmail: lechner.roland@gmail.com\n<p>Foto: Tappeiner AG, S\u00fcdtiroler Marketing Gesellschaft, Tourismusverein Schlanders\/Laas<\/p>\n<h3>Privacy<\/h3>\n<p>Ai sensi dell&#8217;articolo 13 del D. lgs n. 196\/2003 Le forniamo le seguenti informazioni:<\/p>\n<p>i Vostri dati veranno\/possono essere usati per i seguenti scopi: invio di E-mails e comunicazioni pubblicitarie, per adempiere agli obblighi di legge derivanti anche da normative locali e comunali nonch\u00e9 da norme del diritto civile e penale, per adempiere ad eventuali obblighi contrattuali nei confronti dell&#8217;interessato, alla tutela del credito e gestione del debito. I Vostri dati saranno elaborati e memorizzati in formato elettronico. Albero AL SOLE garantisce ai sensi di legge che il trattamento dei dati personali avviene nel rispetto dei diritti fondamentali nonch\u00e9 della dignit\u00e0 dell&#8217;interessato, in particolare per quanto riguarda la segretezza, l&#8217;identit\u00e0 personale e il diritto alla tutela degli stessi. In relazione alle finalit\u00e0 di cui sopra i Suoi dati personali verranno comunicati se necessario: alle Pubbliche Amministrazioni ed Autorit\u00e0, ove previsto dalla legge \u00b7 ad Istituti di credito con i quali la ns. ditta ha rapporti per la gestione dei crediti\/debiti e l&#8217;intermediazione finanziaria \u00b7 a tutte quelle persone fisiche e\/o giuridiche, pubbliche e\/o private (studi di consulenza legale, amministrativa e fiscale, uffici giudiziari, Camere di Commercio ecc.), quando la comunicazione risulti necessaria o funzionale allo svolgimento della nostra attivit\u00e0 e nei modi e per le finalit\u00e0 sopra elencate I dati personali trattati dalla nostra societ\u00e0 non sono soggetti a diffusione. Il trattamento potr\u00e0 effettuarsi con o senza l&#8217;ausilio di mezzi elettronici e comunque automatizzati e comprender\u00e0 tutte le operazioni previste all&#8217;art. 4 comma 1, lettera a, Dlgs 30 giugno 2003 nr. 196 e necessarie al trattamento in questione.<\/p>\nComunque il trattamento sar\u00e0 effettuato nell&#8217;osservanza di ogni misura cautelativa, che ne garantisca la sicurezza e la riservatezza. Il trattamento dei dati \u00e8 a cura di Albergo Zur Sonne SAS d. Marseiler Werner &amp; Co. In ogni momento potr\u00e0 esercitare i Suoi diritti nei confronti del titolare del trattamento, ai sensi dell&#8217;art. 7 del D. lgs. 196\/2003, che per Sua comodit\u00e0 riproduciamo integralmente: Articolo 7 Diritto di accesso ai dati personali ed altri diritti\n<p>1. L&#8217;interessato ha diritto di ottenere la conferma dell&#8217;esistenza o meno di dati personali che lo riguardano, anche se non ancora registrati, e la loro comunicazione in forma intelligibile.<\/p>\n2. L&#8217;interessato ha diritto di ottenere l&#8217;indicazione:\n<p>a) dell&#8217;origine dei dati personali; b) delle finalit\u00e0 e modalit\u00e0 del trattamento; c) della logica applicata in caso di trattamento effettuato con l&#8217;ausilio di strumenti elettronici; d) degli estremi identificativi del titolare, dei responsabili e del rappresentante designato ai sensi dell&#8217;articolo 5, comma 2; e) dei soggetti o delle categorie di soggetti ai quali i dati personali possono essere comunicati o che possono venirne a conoscenza in qualit\u00e0 di rappresentante designato nel territorio dello Stato, di responsabili o incaricati.<\/p>\n<p>3. L&#8217;interessato ha diritto di ottenere: l&#8217;aggiornamento, la rettificazione ovvero, quando vi ha interesse, l&#8217;integrazione dei dati; b) la cancellazione, la trasformazione in forma anonima o il blocco dei dati trattati in violazione di legge, compresi quelli di cui non \u00e8 necessaria la conservazione in relazione agli scopi per i quali i dati sono stati raccolti o successivamente trattati; c) l&#8217;attestazione che le operazioni di cui alle lettere a) e b) sono state portate a conoscenza, anche per quanto riguarda il loro contenuto, di coloro ai quali i dati sono stati comunicati o diffusi, eccettuato il caso in cui tale adempimento si rivela impossibile o comporta un impiego di mezzi manifestamente sproporzionato rispetto al diritto tutelato. 4. L&#8217;interessato ha diritto di opporsi, in tutto o in parte:<\/p>\n<p>a) per motivi legittimi al trattamento dei dati personali che lo riguardano, ancorch\u00e9 pertinenti allo scopo della raccolta; b) b) al trattamento di dati personali che lo riguardano a fini di invio di materiale pubblicitario o di vendita diretta o per il compimento di ricerche di mercato o di comunicazione commerciale. I diritti in oggetto possono essere esercitati, anche per il tramite di un incaricato, mediante richiesta rivolta al responsabile nominato.<\/p>\n<h3>Cookie<\/h3>\n<p>Informazioni sull&#8217;articolo 13 del Codice in materia di protezione dei dati personali<\/p>\n<strong>Cosa sono i cookie?<\/strong>\n<p>I cookie sono piccoli file di testo che i siti visitati dall&#8217;utente inviano e registrano sul computer o dispositivo mobile dell&#8217;utente, per essere poi ritrasmessi agli stessi siti alla successiva visita. Proprio grazie ai cookie il sito ricorda le azioni e impostazioni dell&#8217;utente (come, ad esempio, i dati di login, la lingua prescelta, le dimensioni dei caratteri, altre impostazioni di visualizzazione, ecc.) in modo che non debbano essere indicate nuovamente quando l&#8217;utente torni a visitare lo stesso sito o navighi da una pagina all&#8217;altra di esso. I cookie, quindi, sono usati per eseguire autenticazioni informatiche, monitoraggio di sessioni e memorizzazione di informazioni riguardanti le attivit\u00e0 degli utenti che accedono ad un sito e possono contenere anche un codice identificativo unico che consente di tenere traccia della navigazione dell&#8217;utente all&#8217;interno del sito stesso per finalit\u00e0 statistiche o pubblicitarie. Nel corso della navigazione su un sito, l&#8217;utente pu\u00f2 ricevere sul suo computer o dispositivo mobile anche cookie di siti o di web server diversi da quello che sta visitando (c.d. cookie di &#8220;terze parti&#8221;). Alcune operazioni non potrebbero essere compiute senza l&#8217;uso dei cookie, che in certi casi sono quindi tecnicamente necessari per il funzionamento stesso del sito. Esistono vari tipi di cookie, a seconda delle loro caratteristiche e funzioni e questi possono rimanere nel computer o dispositivo mobile dell&#8217;utente per periodi di tempo diversi: i c.d. cookie di sessione, che vengono automaticamente cancellati alla chiusura del browser; i c.d. cookie persistenti, che permangono sull&#8217;apparecchiatura dell&#8217;utente fino ad una scadenza prestabilita. In base alla normativa vigente in Italia, per l&#8217;utilizzo dei cookie non sempre \u00e8 richiesto un espresso consenso dell&#8217;utente. In particolare, non richiedono tale consenso i cookie c.d. &#8220;tecnici&#8221;, cio\u00e8 quelli utilizzati al solo fine di effettuare la trasmissione di una comunicazione su una rete di comunicazione elettronica, o nella misura strettamente necessaria per erogare un servizio esplicitamente richiesto dall&#8217;utente.<\/p>\n<p>Si tratta, in altre parole, di cookie indispensabili per il funzionamento del sito o necessari per eseguire attivit\u00e0 richieste dall&#8217;utente. Tra i cookie tecnici, che non richiedono un consenso espresso per il loro utilizzo, il Garante per la protezione dei dati personali (cfr. Prov. Gen. &#8220;Individuazione delle modalit\u00e0 semplificate per l&#8217;informativa e l&#8217;acquisizione del consenso per l&#8217;uso dei cookie &#8211; 8 maggio 2014&#8221;) ricomprende anche:<\/p>\n<p>i &#8220;cookie analytics&#8221; laddove utilizzati direttamente dal gestore del sito per raccogliere informazioni, in forma aggregata, sul numero degli utenti e su come questi visitano il sito stesso, i cookie di navigazione o di sessione (per autenticarsi, per realizzare un acquisto, ecc.), i cookie di funzionalit\u00e0, che permettono all&#8217;utente la navigazione in funzione di una serie di criteri selezionati (ad esempio, la lingua, i prodotti selezionati per l&#8217;acquisto) al fine di migliorare il servizio reso allo stesso.<\/p>\n<p><a href=\"http:\/\/www.garanteprivacy.it\/web\/guest\/home\/docweb\/-\/docweb-display\/docweb\/3118884\">.<\/a><\/p>\n<p>.<\/p>\n<p>.<\/p>\n<p>.<\/p>\n<strong>Quali tipologie di cookie utilizziamo?<\/strong>\n<p>In particolare, questo sito web utilizza:<\/p>\n<p><strong>Cookie tecnici,<\/strong><\/p>\n<p>cio\u00e8 di navigazione o sessione e strettamente necessari per il funzionamento del sito o per consentire all&#8217;utente di usufruire dei contenuti e dei servizi da questi richiesti.<\/p>\n<p><strong>Cookie analytics,<\/strong><\/p>\n<p>che consentono di comprendere come il sito viene utilizzato dagli utenti. Con questi cookie non vengono raccolte informazioni sull&#8217;identit\u00e0 dell&#8217;utente, n\u00e9 alcun dato personale. Le informazioni sono trattate in forma aggregata ed anonima.<\/p>\n<p><strong>Cookie di terze parti,<\/strong><\/p>\n<p>cio\u00e8 cookie di siti o di web server diversi dal presente sito web ed utilizzati per finalit\u00e0 proprie di dette parti terze.<\/p>\n<p>Le informazioni ottenute mediante i cookie non vengono usate per identificare gli utenti. I cookie non sono utilizzati per finalit\u00e0 diverse da quelle sopra descritte.<\/p>\n<p>Tra i cookie analytics si distinguono in particolare i cookie di Google Analytics, un servizio di analisi dei dati web della Google Inc. (&#8220;Google&#8221;). In caso di attivazione di IP anonimo su questo sito web, il vostro indirizzo IP verr\u00e0 prima troncato da Google negli Stati membri dell&#8217;Unione Europea o di altri Stati facenti parte dell&#8217;Accordo sullo Spazio Economico Europeo. Solo in casi eccezionali viene inviato l&#8217;indirizzo IP completo ad un server di Google negli USA e qui troncato. A nome dell&#8217;operatore di questo sito, Google utilizzer\u00e0 le informazioni allo scopo di esaminare il vostro utilizzo del sito, compilare report sulle attivit\u00e0 per gli operatori del sito web e fornire loro altri servizi relativi alle attivit\u00e0 del sito e all&#8217;utilizzo di Internet.<\/p>\n<p>L&#8217;indirizzo IP trasmesso da Google in ambito Google Analytics non collegher\u00e0 il vostro indirizzo IP a nessun altro dato posseduto da Google. Potete rifiutare l&#8217;utilizzo di cookies, selezionando la relativa impostazione sul vostro browser, si consideri tuttavia che ci\u00f2 potrebbe impedirvi di utilizzare completamente tutte le funzionalit\u00e0 di questo sito web. Potete inoltre impedire a Google l&#8217;acquisizione dei dati generati dal cookie ed attinenti il vostro utilizzo del sito web (incl. il vostro indirizzo IP), ed altres\u00ec l&#8217;elaborazione degli stessi dati da parte di Google, installando il plugin per browser disponibile al seguente link: tools.google.com\/dlpage\/gaoptout Le informazioni ottenute mediante i cookie non vengono usate per identificare gli utenti. I cookie non sono utilizzati per finalit\u00e0 diverse da quelle sopra descritte.<\/p>\n<h4>YouTube<\/h4>\n<p>Il nostro sito utilizza il provider YouTube LLC , 901 Cherry Avenue, San Bruno, CA 94066, USA, rappresentato da Google Inc., 1600 Amphitheatre Parkway, Mountain View, CA 94043, USA, per l&#8217;integrazione dei video. Normalmente, quando si richiama una pagina con video incorporati, il vostro indirizzo IP viene gi\u00e0 inviato a YouTube e i cookie vengono installati sul vostro computer. Tuttavia, abbiamo incorporato i nostri video su YouTube con la modalit\u00e0 di protezione dei dati estesa (in questo caso, YouTube contatta ancora il servizio Double Klick di Google, ma secondo la politica sulla privacy di Google, i dati personali non vengono valutati). Ci\u00f2 significa che YouTube non memorizza pi\u00f9 alcuna informazione sui visitatori, a meno che questi non guardino il video. Se cliccate sul video, il vostro indirizzo IP viene trasmesso a YouTube e YouTube viene a sapere che avete guardato il video. Se l&#8217;utente ha effettuato l&#8217;accesso a YouTube, queste informazioni vengono assegnate anche al suo account utente (\u00e8 possibile evitare che ci\u00f2 accada disconnettendosi da YouTube prima di visualizzare il video). Tradotto con www.DeepL.com\/Translator (versione gratuita)<\/p>\n<p>Non siamo a conoscenza e non abbiamo alcuna influenza sull&#8217;eventuale raccolta e utilizzo dei vostri dati da parte di YouTube. Per ulteriori informazioni, consultare l&#8217;informativa sulla privacy di YouTube all&#8217;indirizzo <a href=\"http:\/\/www.google.de\/intl\/de\/policies\/privacy\/\" target=\"_blank\" rel=\"noopener noreferrer\">www.google.de\/intl\/de\/policies\/privacy\/<\/a>. Inoltre, per quanto riguarda la gestione generale e la disattivazione dei cookie, facciamo riferimento alla nostra presentazione generale nella presente dichiarazione sulla protezione dei dati.<\/p>\n<strong>Come posso disattivare i cookie?<\/strong>\n<p>La modifica o la conferma delle preferenze espresse in merito all&#8217;utilizzo dei cookie del sito pu\u00f2 avvenire in qualunque momento da parte dell&#8217;utente, accedendo a questa pagina attraverso l&#8217;apposito link presente nella parte inferiore del sito web. Oltre che attraverso la presente procedura l&#8217;utente pu\u00f2 autorizzare, bloccare o cancellare (in tutto o in parte) i cookie anche attraverso le specifiche funzioni del proprio programma di navigazione (c.d. browser):<\/p>\n<p>tuttavia, nell&#8217;ipotesi in cui tutti o alcuni dei cookie vengano disabilitati \u00e8 possibile che il sito risulti non consultabile o che alcuni servizi o determinate funzioni del sito non siano disponibili o non funzionino correttamente e\/o l&#8217;utente potrebbe essere costretto a modificare o a inserire manualmente alcune informazioni o preferenze ogni volta che visiter\u00e0 il sito. Per avere maggiori informazioni su come impostare le preferenze sull&#8217;uso dei cookie attraverso il proprio browser di navigazione, \u00e8 possibile consultare il seguente sito: https:\/\/support.google.com\/accounts\/answer\/32050<\/p>\n<p>Maggiori informazioni e dettagli sui vari tipi di cookie, le loro modalit\u00e0 di funzionamento e caratteristiche sono reperibili sul sito, ad accesso libero<a href=\"https:\/\/support.google.com\/accounts\/answer\/32050\">,<\/a><\/p>\n<p><a href=\"http:\/\/www.allaboutcookies.org\/ge\/\">www.AllAboutCookies.org.<\/a><\/p>\nInformazione obbligatoria ai sensi del Regolamento UE n. 524\/2013 del Parlamento europeo e del Consiglio\n<p>Piattaforma per la risoluzione delle controversie online dei consumatori (ODR) della Commissione europea:<\/p>\n<p><a href=\"http:\/\/ec.europa.eu\/consumers\/odr\/\">http:\/\/ec.europa.eu\/consumers\/odr\/<\/a><\/p>\n\n","protected":false},"excerpt":{"rendered":"<p>Editoriale Proprietario e responsabile di queste pagine: ALBERGO ZUR SONNE SAS d. Marseiler Werner &amp; Co. sas I-39023 Lasa, via Venosta 24 Alto Adige &#8211; Sudtirolo &#8211; Italia Tel. +39 0473 626523 &#8211; Fax +39 0473 628413 Email: info@sonnelaas.com &#8211; Web: www.sonnelaas.com Partita IVA 02 348 570 215 CIN: IT021042A1R4SEQ3UY \u00a9 Tutti diritti riservati Banche [&hellip;]<\/p>\n","protected":false},"author":1,"featured_media":0,"parent":0,"menu_order":0,"comment_status":"closed","ping_status":"closed","template":"","meta":{"site-sidebar-layout":"default","site-content-layout":"","ast-site-content-layout":"default","site-content-style":"default","site-sidebar-style":"default","ast-global-header-display":"","ast-banner-title-visibility":"","ast-main-header-display":"","ast-hfb-above-header-display":"","ast-hfb-below-header-display":"","ast-hfb-mobile-header-display":"","site-post-title":"disabled","ast-breadcrumbs-content":"","ast-featured-img":"","footer-sml-layout":"","ast-disable-related-posts":"","theme-transparent-header-meta":"","adv-header-id-meta":"","stick-header-meta":"","header-above-stick-meta":"","header-main-stick-meta":"","header-below-stick-meta":"","astra-migrate-meta-layouts":"default","ast-page-background-enabled":"default","ast-page-background-meta":{"desktop":{"background-color":"var(--ast-global-color-4)","background-image":"","background-repeat":"repeat","background-position":"center center","background-size":"auto","background-attachment":"scroll","background-type":"","background-media":"","overlay-type":"","overlay-color":"","overlay-opacity":"","overlay-gradient":""},"tablet":{"background-color":"","background-image":"","background-repeat":"repeat","background-position":"center center","background-size":"auto","background-attachment":"scroll","background-type":"","background-media":"","overlay-type":"","overlay-color":"","overlay-opacity":"","overlay-gradient":""},"mobile":{"background-color":"","background-image":"","background-repeat":"repeat","background-position":"center center","background-size":"auto","background-attachment":"scroll","background-type":"","background-media":"","overlay-type":"","overlay-color":"","overlay-opacity":"","overlay-gradient":""}},"ast-content-background-meta":{"desktop":{"background-color":"var(--ast-global-color-5)","background-image":"","background-repeat":"repeat","background-position":"center center","background-size":"auto","background-attachment":"scroll","background-type":"","background-media":"","overlay-type":"","overlay-color":"","overlay-opacity":"","overlay-gradient":""},"tablet":{"background-color":"var(--ast-global-color-5)","background-image":"","background-repeat":"repeat","background-position":"center center","background-size":"auto","background-attachment":"scroll","background-type":"","background-media":"","overlay-type":"","overlay-color":"","overlay-opacity":"","overlay-gradient":""},"mobile":{"background-color":"var(--ast-global-color-5)","background-image":"","background-repeat":"repeat","background-position":"center center","background-size":"auto","background-attachment":"scroll","background-type":"","background-media":"","overlay-type":"","overlay-color":"","overlay-opacity":"","overlay-gradient":""}},"footnotes":""},"class_list":["post-491","page","type-page","status-publish","hentry"],"yoast_head":"<!-- This site is optimized with the Yoast SEO plugin v27.4 - https:\/\/yoast.com\/product\/yoast-seo-wordpress\/ -->\n<title>Editoriale - Albergo al sole<\/title>\n<meta name=\"robots\" content=\"index, follow, max-snippet:-1, max-image-preview:large, max-video-preview:-1\" \/>\n<link rel=\"canonical\" href=\"https:\/\/sonnelaas.com\/it\/editoriale\/\" \/>\n<meta property=\"og:locale\" content=\"it_IT\" \/>\n<meta property=\"og:type\" content=\"article\" \/>\n<meta property=\"og:title\" content=\"Editoriale - Albergo al sole\" \/>\n<meta property=\"og:description\" content=\"Editoriale Proprietario e responsabile di queste pagine: ALBERGO ZUR SONNE SAS d. Marseiler Werner &amp; Co. sas I-39023 Lasa, via Venosta 24 Alto Adige &#8211; Sudtirolo &#8211; Italia Tel. +39 0473 626523 &#8211; Fax +39 0473 628413 Email: info@sonnelaas.com &#8211; Web: www.sonnelaas.com Partita IVA 02 348 570 215 CIN: IT021042A1R4SEQ3UY \u00a9 Tutti diritti riservati Banche [&hellip;]\" \/>\n<meta property=\"og:url\" content=\"https:\/\/sonnelaas.com\/it\/editoriale\/\" \/>\n<meta property=\"og:site_name\" content=\"sonnelaas\" \/>\n<meta property=\"article:modified_time\" content=\"2024-10-06T08:41:41+00:00\" \/>\n<meta name=\"twitter:card\" content=\"summary_large_image\" \/>\n<meta name=\"twitter:label1\" content=\"Tempo di lettura stimato\" \/>\n\t<meta name=\"twitter:data1\" content=\"11 minuti\" \/>\n<script type=\"application\/ld+json\" class=\"yoast-schema-graph\">{\"@context\":\"https:\\\/\\\/schema.org\",\"@graph\":[{\"@type\":\"WebPage\",\"@id\":\"https:\\\/\\\/sonnelaas.com\\\/it\\\/editoriale\\\/\",\"url\":\"https:\\\/\\\/sonnelaas.com\\\/it\\\/editoriale\\\/\",\"name\":\"Editoriale - Albergo al sole\",\"isPartOf\":{\"@id\":\"https:\\\/\\\/sonnelaas.com\\\/it\\\/#website\"},\"datePublished\":\"2022-01-22T09:42:19+00:00\",\"dateModified\":\"2024-10-06T08:41:41+00:00\",\"breadcrumb\":{\"@id\":\"https:\\\/\\\/sonnelaas.com\\\/it\\\/editoriale\\\/#breadcrumb\"},\"inLanguage\":\"it-IT\",\"potentialAction\":[{\"@type\":\"ReadAction\",\"target\":[\"https:\\\/\\\/sonnelaas.com\\\/it\\\/editoriale\\\/\"]}]},{\"@type\":\"BreadcrumbList\",\"@id\":\"https:\\\/\\\/sonnelaas.com\\\/it\\\/editoriale\\\/#breadcrumb\",\"itemListElement\":[{\"@type\":\"ListItem\",\"position\":1,\"name\":\"Startseite\",\"item\":\"https:\\\/\\\/sonnelaas.com\\\/it\\\/\"},{\"@type\":\"ListItem\",\"position\":2,\"name\":\"Editoriale\"}]},{\"@type\":\"WebSite\",\"@id\":\"https:\\\/\\\/sonnelaas.com\\\/it\\\/#website\",\"url\":\"https:\\\/\\\/sonnelaas.com\\\/it\\\/\",\"name\":\"sonnelaas\",\"description\":\"Gasthof zur Sonne Laas\",\"publisher\":{\"@id\":\"https:\\\/\\\/sonnelaas.com\\\/it\\\/#organization\"},\"potentialAction\":[{\"@type\":\"SearchAction\",\"target\":{\"@type\":\"EntryPoint\",\"urlTemplate\":\"https:\\\/\\\/sonnelaas.com\\\/it\\\/?s={search_term_string}\"},\"query-input\":{\"@type\":\"PropertyValueSpecification\",\"valueRequired\":true,\"valueName\":\"search_term_string\"}}],\"inLanguage\":\"it-IT\"},{\"@type\":\"Organization\",\"@id\":\"https:\\\/\\\/sonnelaas.com\\\/it\\\/#organization\",\"name\":\"sonnelaas\",\"url\":\"https:\\\/\\\/sonnelaas.com\\\/it\\\/\",\"logo\":{\"@type\":\"ImageObject\",\"inLanguage\":\"it-IT\",\"@id\":\"https:\\\/\\\/sonnelaas.com\\\/it\\\/#\\\/schema\\\/logo\\\/image\\\/\",\"url\":\"https:\\\/\\\/sonnelaas.com\\\/wp-content\\\/uploads\\\/2022\\\/01\\\/LogoVectorSonnne.svg\",\"contentUrl\":\"https:\\\/\\\/sonnelaas.com\\\/wp-content\\\/uploads\\\/2022\\\/01\\\/LogoVectorSonnne.svg\",\"caption\":\"sonnelaas\"},\"image\":{\"@id\":\"https:\\\/\\\/sonnelaas.com\\\/it\\\/#\\\/schema\\\/logo\\\/image\\\/\"}}]}<\/script>\n<!-- \/ Yoast SEO plugin. -->","yoast_head_json":{"title":"Editoriale - Albergo al sole","robots":{"index":"index","follow":"follow","max-snippet":"max-snippet:-1","max-image-preview":"max-image-preview:large","max-video-preview":"max-video-preview:-1"},"canonical":"https:\/\/sonnelaas.com\/it\/editoriale\/","og_locale":"it_IT","og_type":"article","og_title":"Editoriale - Albergo al sole","og_description":"Editoriale Proprietario e responsabile di queste pagine: ALBERGO ZUR SONNE SAS d. Marseiler Werner &amp; Co. sas I-39023 Lasa, via Venosta 24 Alto Adige &#8211; Sudtirolo &#8211; Italia Tel. +39 0473 626523 &#8211; Fax +39 0473 628413 Email: info@sonnelaas.com &#8211; Web: www.sonnelaas.com Partita IVA 02 348 570 215 CIN: IT021042A1R4SEQ3UY \u00a9 Tutti diritti riservati Banche [&hellip;]","og_url":"https:\/\/sonnelaas.com\/it\/editoriale\/","og_site_name":"sonnelaas","article_modified_time":"2024-10-06T08:41:41+00:00","twitter_card":"summary_large_image","twitter_misc":{"Tempo di lettura stimato":"11 minuti"},"schema":{"@context":"https:\/\/schema.org","@graph":[{"@type":"WebPage","@id":"https:\/\/sonnelaas.com\/it\/editoriale\/","url":"https:\/\/sonnelaas.com\/it\/editoriale\/","name":"Editoriale - Albergo al sole","isPartOf":{"@id":"https:\/\/sonnelaas.com\/it\/#website"},"datePublished":"2022-01-22T09:42:19+00:00","dateModified":"2024-10-06T08:41:41+00:00","breadcrumb":{"@id":"https:\/\/sonnelaas.com\/it\/editoriale\/#breadcrumb"},"inLanguage":"it-IT","potentialAction":[{"@type":"ReadAction","target":["https:\/\/sonnelaas.com\/it\/editoriale\/"]}]},{"@type":"BreadcrumbList","@id":"https:\/\/sonnelaas.com\/it\/editoriale\/#breadcrumb","itemListElement":[{"@type":"ListItem","position":1,"name":"Startseite","item":"https:\/\/sonnelaas.com\/it\/"},{"@type":"ListItem","position":2,"name":"Editoriale"}]},{"@type":"WebSite","@id":"https:\/\/sonnelaas.com\/it\/#website","url":"https:\/\/sonnelaas.com\/it\/","name":"sonnelaas","description":"Gasthof zur Sonne Laas","publisher":{"@id":"https:\/\/sonnelaas.com\/it\/#organization"},"potentialAction":[{"@type":"SearchAction","target":{"@type":"EntryPoint","urlTemplate":"https:\/\/sonnelaas.com\/it\/?s={search_term_string}"},"query-input":{"@type":"PropertyValueSpecification","valueRequired":true,"valueName":"search_term_string"}}],"inLanguage":"it-IT"},{"@type":"Organization","@id":"https:\/\/sonnelaas.com\/it\/#organization","name":"sonnelaas","url":"https:\/\/sonnelaas.com\/it\/","logo":{"@type":"ImageObject","inLanguage":"it-IT","@id":"https:\/\/sonnelaas.com\/it\/#\/schema\/logo\/image\/","url":"https:\/\/sonnelaas.com\/wp-content\/uploads\/2022\/01\/LogoVectorSonnne.svg","contentUrl":"https:\/\/sonnelaas.com\/wp-content\/uploads\/2022\/01\/LogoVectorSonnne.svg","caption":"sonnelaas"},"image":{"@id":"https:\/\/sonnelaas.com\/it\/#\/schema\/logo\/image\/"}}]}},"_links":{"self":[{"href":"https:\/\/sonnelaas.com\/it\/wp-json\/wp\/v2\/pages\/491","targetHints":{"allow":["GET"]}}],"collection":[{"href":"https:\/\/sonnelaas.com\/it\/wp-json\/wp\/v2\/pages"}],"about":[{"href":"https:\/\/sonnelaas.com\/it\/wp-json\/wp\/v2\/types\/page"}],"author":[{"embeddable":true,"href":"https:\/\/sonnelaas.com\/it\/wp-json\/wp\/v2\/users\/1"}],"replies":[{"embeddable":true,"href":"https:\/\/sonnelaas.com\/it\/wp-json\/wp\/v2\/comments?post=491"}],"version-history":[{"count":2,"href":"https:\/\/sonnelaas.com\/it\/wp-json\/wp\/v2\/pages\/491\/revisions"}],"predecessor-version":[{"id":683,"href":"https:\/\/sonnelaas.com\/it\/wp-json\/wp\/v2\/pages\/491\/revisions\/683"}],"wp:attachment":[{"href":"https:\/\/sonnelaas.com\/it\/wp-json\/wp\/v2\/media?parent=491"}],"curies":[{"name":"wp","href":"https:\/\/api.w.org\/{rel}","templated":true}]}}