{"id":539,"date":"2022-01-20T12:07:12","date_gmt":"2022-01-20T11:07:12","guid":{"rendered":"http:\/\/www2.sonnelaas.com\/camere-prezzi\/"},"modified":"2026-03-30T15:56:09","modified_gmt":"2026-03-30T13:56:09","slug":"camere-prezzi","status":"publish","type":"page","link":"https:\/\/sonnelaas.com\/it\/camere-prezzi\/","title":{"rendered":"Camere &amp; Prezzi"},"content":{"rendered":"\n<h1>\n\t\t\tCamere &amp; Prezzi\t<\/h1>\n\tAbitare piacevole nel nostro Albergo.<br \/>\ntutte con doccia o vasca da bagno, WC, TV e cassaforte in camera, vi offrono un ambiente rilassato, tanta tranquillit\u00e0 e comfort. Qui troverete la forza per affrontare la prossima giornata di vacanza ricca di eventi.\n<h3><strong>Primavera<br \/>\n<\/strong>07.01.2026 &#8211; 26.04.26<\/h3>\n<ul>\n<li>Pernottamento e prima colazione:<\/li>\n<\/ul>\nper 1 notte: 53,00 Euro;<br \/>\n\u00a02 &#8211; 3 notti: 50,00 Euro;<br \/>\n da 4 notti 48,00 Euro\n<ul>\n<li>Mezza pensione (tranne marted\u00ec e domenica):\u00a0<\/li>\n<\/ul>\n per 1 notte: 73,00 Euro;<br \/>\n2 &#8211; 3 notti: 70,00 Euro<br \/>\nda 4 notti: 68,00 Euro\n<h3><strong>Estate<br \/>\n<\/strong>27.04.26-21.10.26<\/h3>\n<ul>\n<li>Pernottamento e prima colazione:<\/li>\n<\/ul>\nper 1 notte: 56,00 Euro;<br \/>\n\u00a02 &#8211; 3 notti: 53,00 Euro;<br \/>\n da 4 notti 51,00 Euro\n<ul>\n<li>Mezza pensione (tranne marted\u00ec e domenica):\u00a0<\/li>\n<\/ul>\n per 1 notte: 76,00 Euro;<br \/>\n2-3 notti: 73,00 Euro<br \/>\nda 4 notti: 71,00 Euro\n<p>!!! Andiamo in vacanza! Dal 15.06.2026 al 28.06.2026 il nostro ristorante e il nostro bar rimarranno chiusi. In questo periodo offriamo esclusivamente il servizio di pernottamento con prima colazione. Approfittate dell&#8217;occasione per scoprire le delizie culinarie della zona: nelle immediate vicinanze si trovano un ristorante e due pizzerie, comodamente raggiungibili a piedi.<\/p>\n<p>&nbsp;<\/p>\n<h3><strong>Nota a riguardo dei prezzi:<\/strong><\/h3>\n<ul>\n<li>I prezzi si intendono per persona e notte, Iva inclusa.<\/li>\n<li>Il supplemento per una <b>camera singola<\/b> \u00e8 pari a 23,00 Euro a notte.<\/li>\n<li>Il prezzo per una camera <b>doppia a uso singolo<\/b>: supplemento di 40,00 Euro a notte.<\/li>\n<\/ul>\n<p>&nbsp;<\/p>\n<h3><strong>Sconto per bambini:<\/strong><\/h3>\n<p>Riduzioni per i bambini che dormono in camera con entrambi i genitori (2 adulti paganti):<\/p>\n<ul>\n<li>\n<ul>\n<li>fino a 2,99 anni: gratis<\/li>\n<li>da 3 a 5,99 anni: 50%<\/li>\n<li>da 6 a 14 anni: 30%.<\/li>\n<\/ul>\n<\/li>\n<\/ul>\n\n<h3><strong>Tassa di soggiorno<\/strong><\/h3>\nPer tutte le persone di et\u00e0 superiore ai 14 anni \u00e8 dovuta l&#8217;imposta di soggiorno pari a\u00a0 2,50 \u20ac per persona e notte.<br \/>\nQuesta tassa non \u00e8 inclusa nel prezzo.\n<p>&nbsp;<\/p>\n<h3><strong>Giorno di riposo<\/strong><\/h3>\n<p>Il nostro albergo \u00e8 chiuso marted\u00ec sera e la domenica, cos\u00ec potete godere delle specialit\u00e0 culinarie dell&#8217; intorno. La colazione viene naturalmente servita in casa, come sempre.<\/p>\n<p>&nbsp;<\/p>\n<h3><strong>Prenotazione e deposito<\/strong><\/h3>\n<p>Di solito chiediamo un deposito di almeno 1 notte o fino al 30% dell&#8217;importo totale, a seconda del periodo prenotato.<\/p>\n<p>&nbsp;<\/p>\n<h3><strong>Condizioni di annullamento<\/strong><\/h3>\n<p>Non esiste un diritto di recesso ai sensi del Codice del Consumo, tuttavia garantiamo le seguenti condizioni di cancellazione:<\/p>\n<ul>\n<li>fino a 61 giorni prima dell&#8217;arrivo si pu\u00f2 cancellare gratuitamente<\/li>\n<li>da 60 a 8 giorni prima dell&#8217;arrivo: 35 % del prezzo totale concordato meno la caparra gi\u00e0 versata per la conferma.<\/li>\n<li>da 7 giorni prima dell&#8217;arrivo: 100 % del prezzo totale concordato meno la caparra gi\u00e0 versata per la conferma.<\/li>\n<li>In caso di partenza anticipata o arrivo posticipato: 100% della tariffa giornaliera concordata per ogni giorno non utilizzato.<\/li>\n<\/ul>\n<p>Se avete prenotato tramite un&#8217;agenzia, si applicano le condizioni ivi stabilite.<\/p>\n<p>Notifica ai sensi della Parte III, Titolo III, Sezione I, del Codice del Consumo (GvD 206\/2005)<\/p>\n<p>&nbsp;<\/p>\n<h3 id=\"u106284-74\"><strong>Arrivo e partenza,<\/strong><\/h3>\n<p>Check In: tra le 14.00 e le 18.00. Vi preghiamo di comunicarci il vostro orario di arrivo approssimativo. Un arrivo al di fuori dei nostri orari di apertura non \u00e8 garantito. Si prega inoltre di notare che il check-in non \u00e8 possibile durante il servizio di pranzo (12.00 &#8211; 14.00). Durante il servizio serale (dalle 18:00) potrebbe esserci una breve attesa al check-in. Il giorno della partenza vi chiediamo gentilmente di liberare le camere entro le ore 10:00.<\/p>\n<p>&nbsp;<\/p>\n<h3><strong>Orari di pasti<\/strong><\/h3>\n<p>La prima colazione \u00e8 disponibile dalle 07.30 alle 9.30. Se desiderate fare colazione in anticipo vi preghiamo di comunicarlo al personale o alla reception. La cena viene servita tra le 18.00 e le 20.00<\/p>\n<p>&nbsp;<\/p>\n<h3><strong>Contabilit\u00e0 dell&#8217;hotel<\/strong><\/h3>\nAccettiamo contanti (fino a 4.999,00 euro), bonifico bancario istantaneo, MasterCard, Visa e carta EC.<br \/>\nAccettiamo biglietti da visita solo per il pagamento di fatture aziendali, non per vacanze private. Non si accettano carte Diners Club, American Express e assegni.\n<p>&nbsp;<\/p>\n<h3><strong>Parcheggio<\/strong><\/h3>\n<p>Il parcheggio della casa \u00e8 gratuito.<\/p>\n<p>&nbsp;<\/p>\n<h3><strong>Animali domestici<\/strong><\/h3>\n<p>Solo su richiesta! Si prega di portare un cestino o una coperta. Per i vostri animali domestici chiediamo 12,00 &#8211; 14,00 Euro a notte.<\/p>\n<p>Con riserva di errori di stampa e variazioni di prezzo.<\/p>\n<p>&nbsp;<\/p>\n<p>&nbsp;<\/p>\n\n","protected":false},"excerpt":{"rendered":"<p>Camere &amp; Prezzi Abitare piacevole nel nostro Albergo. tutte con doccia o vasca da bagno, WC, TV e cassaforte in camera, vi offrono un ambiente rilassato, tanta tranquillit\u00e0 e comfort. Qui troverete la forza per affrontare la prossima giornata di vacanza ricca di eventi. Primavera 07.01.2026 &#8211; 26.04.26 Pernottamento e prima colazione: per 1 notte: [&hellip;]<\/p>\n","protected":false},"author":1,"featured_media":0,"parent":0,"menu_order":0,"comment_status":"closed","ping_status":"closed","template":"","meta":{"site-sidebar-layout":"default","site-content-layout":"","ast-site-content-layout":"default","site-content-style":"default","site-sidebar-style":"default","ast-global-header-display":"","ast-banner-title-visibility":"","ast-main-header-display":"","ast-hfb-above-header-display":"","ast-hfb-below-header-display":"","ast-hfb-mobile-header-display":"","site-post-title":"disabled","ast-breadcrumbs-content":"","ast-featured-img":"","footer-sml-layout":"","ast-disable-related-posts":"","theme-transparent-header-meta":"","adv-header-id-meta":"","stick-header-meta":"","header-above-stick-meta":"","header-main-stick-meta":"","header-below-stick-meta":"","astra-migrate-meta-layouts":"set","ast-page-background-enabled":"default","ast-page-background-meta":{"desktop":{"background-color":"var(--ast-global-color-4)","background-image":"","background-repeat":"repeat","background-position":"center center","background-size":"auto","background-attachment":"scroll","background-type":"","background-media":"","overlay-type":"","overlay-color":"","overlay-gradient":""},"tablet":{"background-color":"","background-image":"","background-repeat":"repeat","background-position":"center center","background-size":"auto","background-attachment":"scroll","background-type":"","background-media":"","overlay-type":"","overlay-color":"","overlay-gradient":""},"mobile":{"background-color":"","background-image":"","background-repeat":"repeat","background-position":"center center","background-size":"auto","background-attachment":"scroll","background-type":"","background-media":"","overlay-type":"","overlay-color":"","overlay-gradient":""}},"ast-content-background-meta":{"desktop":{"background-color":"var(--ast-global-color-5)","background-image":"","background-repeat":"repeat","background-position":"center center","background-size":"auto","background-attachment":"scroll","background-type":"","background-media":"","overlay-type":"","overlay-color":"","overlay-gradient":""},"tablet":{"background-color":"var(--ast-global-color-5)","background-image":"","background-repeat":"repeat","background-position":"center center","background-size":"auto","background-attachment":"scroll","background-type":"","background-media":"","overlay-type":"","overlay-color":"","overlay-gradient":""},"mobile":{"background-color":"var(--ast-global-color-5)","background-image":"","background-repeat":"repeat","background-position":"center center","background-size":"auto","background-attachment":"scroll","background-type":"","background-media":"","overlay-type":"","overlay-color":"","overlay-gradient":""}},"footnotes":""},"class_list":["post-539","page","type-page","status-publish","hentry"],"yoast_head":"<!-- This site is optimized with the Yoast SEO plugin v27.4 - https:\/\/yoast.com\/product\/yoast-seo-wordpress\/ -->\n<title>Camere &amp; Prezzi - Albergo al sole<\/title>\n<meta name=\"description\" content=\"Camere e alloggi gratuiti a Laas, nel cuore della Val Venosta in Alto Adige - Italia - paradiso delle vacanze per mountain bike, escursioni, tour in montagna e sci.\" \/>\n<meta name=\"robots\" content=\"index, follow, max-snippet:-1, max-image-preview:large, max-video-preview:-1\" \/>\n<link rel=\"canonical\" href=\"https:\/\/sonnelaas.com\/it\/camere-prezzi\/\" \/>\n<meta property=\"og:locale\" content=\"it_IT\" \/>\n<meta property=\"og:type\" content=\"article\" \/>\n<meta property=\"og:title\" content=\"Camere &amp; Prezzi - Albergo al sole\" \/>\n<meta property=\"og:description\" content=\"Camere e alloggi gratuiti a Laas, nel cuore della Val Venosta in Alto Adige - Italia - paradiso delle vacanze per mountain bike, escursioni, tour in montagna e sci.\" \/>\n<meta property=\"og:url\" content=\"https:\/\/sonnelaas.com\/it\/camere-prezzi\/\" \/>\n<meta property=\"og:site_name\" content=\"sonnelaas\" \/>\n<meta property=\"article:modified_time\" content=\"2026-03-30T13:56:09+00:00\" \/>\n<meta name=\"twitter:card\" content=\"summary_large_image\" \/>\n<meta name=\"twitter:label1\" content=\"Tempo di lettura stimato\" \/>\n\t<meta name=\"twitter:data1\" content=\"4 minuti\" \/>\n<script type=\"application\/ld+json\" class=\"yoast-schema-graph\">{\"@context\":\"https:\\\/\\\/schema.org\",\"@graph\":[{\"@type\":\"WebPage\",\"@id\":\"https:\\\/\\\/sonnelaas.com\\\/it\\\/camere-prezzi\\\/\",\"url\":\"https:\\\/\\\/sonnelaas.com\\\/it\\\/camere-prezzi\\\/\",\"name\":\"Camere &amp; Prezzi - Albergo al sole\",\"isPartOf\":{\"@id\":\"https:\\\/\\\/sonnelaas.com\\\/it\\\/#website\"},\"datePublished\":\"2022-01-20T11:07:12+00:00\",\"dateModified\":\"2026-03-30T13:56:09+00:00\",\"description\":\"Camere e alloggi gratuiti a Laas, nel cuore della Val Venosta in Alto Adige - Italia - paradiso delle vacanze per mountain bike, escursioni, tour in montagna e sci.\",\"breadcrumb\":{\"@id\":\"https:\\\/\\\/sonnelaas.com\\\/it\\\/camere-prezzi\\\/#breadcrumb\"},\"inLanguage\":\"it-IT\",\"potentialAction\":[{\"@type\":\"ReadAction\",\"target\":[\"https:\\\/\\\/sonnelaas.com\\\/it\\\/camere-prezzi\\\/\"]}]},{\"@type\":\"BreadcrumbList\",\"@id\":\"https:\\\/\\\/sonnelaas.com\\\/it\\\/camere-prezzi\\\/#breadcrumb\",\"itemListElement\":[{\"@type\":\"ListItem\",\"position\":1,\"name\":\"Startseite\",\"item\":\"https:\\\/\\\/sonnelaas.com\\\/it\\\/\"},{\"@type\":\"ListItem\",\"position\":2,\"name\":\"Camere &amp; Prezzi\"}]},{\"@type\":\"WebSite\",\"@id\":\"https:\\\/\\\/sonnelaas.com\\\/it\\\/#website\",\"url\":\"https:\\\/\\\/sonnelaas.com\\\/it\\\/\",\"name\":\"sonnelaas\",\"description\":\"Gasthof zur Sonne Laas\",\"publisher\":{\"@id\":\"https:\\\/\\\/sonnelaas.com\\\/it\\\/#organization\"},\"potentialAction\":[{\"@type\":\"SearchAction\",\"target\":{\"@type\":\"EntryPoint\",\"urlTemplate\":\"https:\\\/\\\/sonnelaas.com\\\/it\\\/?s={search_term_string}\"},\"query-input\":{\"@type\":\"PropertyValueSpecification\",\"valueRequired\":true,\"valueName\":\"search_term_string\"}}],\"inLanguage\":\"it-IT\"},{\"@type\":\"Organization\",\"@id\":\"https:\\\/\\\/sonnelaas.com\\\/it\\\/#organization\",\"name\":\"sonnelaas\",\"url\":\"https:\\\/\\\/sonnelaas.com\\\/it\\\/\",\"logo\":{\"@type\":\"ImageObject\",\"inLanguage\":\"it-IT\",\"@id\":\"https:\\\/\\\/sonnelaas.com\\\/it\\\/#\\\/schema\\\/logo\\\/image\\\/\",\"url\":\"https:\\\/\\\/sonnelaas.com\\\/wp-content\\\/uploads\\\/2022\\\/01\\\/LogoVectorSonnne.svg\",\"contentUrl\":\"https:\\\/\\\/sonnelaas.com\\\/wp-content\\\/uploads\\\/2022\\\/01\\\/LogoVectorSonnne.svg\",\"caption\":\"sonnelaas\"},\"image\":{\"@id\":\"https:\\\/\\\/sonnelaas.com\\\/it\\\/#\\\/schema\\\/logo\\\/image\\\/\"}}]}<\/script>\n<!-- \/ Yoast SEO plugin. -->","yoast_head_json":{"title":"Camere &amp; Prezzi - Albergo al sole","description":"Camere e alloggi gratuiti a Laas, nel cuore della Val Venosta in Alto Adige - Italia - paradiso delle vacanze per mountain bike, escursioni, tour in montagna e sci.","robots":{"index":"index","follow":"follow","max-snippet":"max-snippet:-1","max-image-preview":"max-image-preview:large","max-video-preview":"max-video-preview:-1"},"canonical":"https:\/\/sonnelaas.com\/it\/camere-prezzi\/","og_locale":"it_IT","og_type":"article","og_title":"Camere &amp; Prezzi - Albergo al sole","og_description":"Camere e alloggi gratuiti a Laas, nel cuore della Val Venosta in Alto Adige - Italia - paradiso delle vacanze per mountain bike, escursioni, tour in montagna e sci.","og_url":"https:\/\/sonnelaas.com\/it\/camere-prezzi\/","og_site_name":"sonnelaas","article_modified_time":"2026-03-30T13:56:09+00:00","twitter_card":"summary_large_image","twitter_misc":{"Tempo di lettura stimato":"4 minuti"},"schema":{"@context":"https:\/\/schema.org","@graph":[{"@type":"WebPage","@id":"https:\/\/sonnelaas.com\/it\/camere-prezzi\/","url":"https:\/\/sonnelaas.com\/it\/camere-prezzi\/","name":"Camere &amp; Prezzi - Albergo al sole","isPartOf":{"@id":"https:\/\/sonnelaas.com\/it\/#website"},"datePublished":"2022-01-20T11:07:12+00:00","dateModified":"2026-03-30T13:56:09+00:00","description":"Camere e alloggi gratuiti a Laas, nel cuore della Val Venosta in Alto Adige - Italia - paradiso delle vacanze per mountain bike, escursioni, tour in montagna e sci.","breadcrumb":{"@id":"https:\/\/sonnelaas.com\/it\/camere-prezzi\/#breadcrumb"},"inLanguage":"it-IT","potentialAction":[{"@type":"ReadAction","target":["https:\/\/sonnelaas.com\/it\/camere-prezzi\/"]}]},{"@type":"BreadcrumbList","@id":"https:\/\/sonnelaas.com\/it\/camere-prezzi\/#breadcrumb","itemListElement":[{"@type":"ListItem","position":1,"name":"Startseite","item":"https:\/\/sonnelaas.com\/it\/"},{"@type":"ListItem","position":2,"name":"Camere &amp; Prezzi"}]},{"@type":"WebSite","@id":"https:\/\/sonnelaas.com\/it\/#website","url":"https:\/\/sonnelaas.com\/it\/","name":"sonnelaas","description":"Gasthof zur Sonne Laas","publisher":{"@id":"https:\/\/sonnelaas.com\/it\/#organization"},"potentialAction":[{"@type":"SearchAction","target":{"@type":"EntryPoint","urlTemplate":"https:\/\/sonnelaas.com\/it\/?s={search_term_string}"},"query-input":{"@type":"PropertyValueSpecification","valueRequired":true,"valueName":"search_term_string"}}],"inLanguage":"it-IT"},{"@type":"Organization","@id":"https:\/\/sonnelaas.com\/it\/#organization","name":"sonnelaas","url":"https:\/\/sonnelaas.com\/it\/","logo":{"@type":"ImageObject","inLanguage":"it-IT","@id":"https:\/\/sonnelaas.com\/it\/#\/schema\/logo\/image\/","url":"https:\/\/sonnelaas.com\/wp-content\/uploads\/2022\/01\/LogoVectorSonnne.svg","contentUrl":"https:\/\/sonnelaas.com\/wp-content\/uploads\/2022\/01\/LogoVectorSonnne.svg","caption":"sonnelaas"},"image":{"@id":"https:\/\/sonnelaas.com\/it\/#\/schema\/logo\/image\/"}}]}},"_links":{"self":[{"href":"https:\/\/sonnelaas.com\/it\/wp-json\/wp\/v2\/pages\/539","targetHints":{"allow":["GET"]}}],"collection":[{"href":"https:\/\/sonnelaas.com\/it\/wp-json\/wp\/v2\/pages"}],"about":[{"href":"https:\/\/sonnelaas.com\/it\/wp-json\/wp\/v2\/types\/page"}],"author":[{"embeddable":true,"href":"https:\/\/sonnelaas.com\/it\/wp-json\/wp\/v2\/users\/1"}],"replies":[{"embeddable":true,"href":"https:\/\/sonnelaas.com\/it\/wp-json\/wp\/v2\/comments?post=539"}],"version-history":[{"count":10,"href":"https:\/\/sonnelaas.com\/it\/wp-json\/wp\/v2\/pages\/539\/revisions"}],"predecessor-version":[{"id":710,"href":"https:\/\/sonnelaas.com\/it\/wp-json\/wp\/v2\/pages\/539\/revisions\/710"}],"wp:attachment":[{"href":"https:\/\/sonnelaas.com\/it\/wp-json\/wp\/v2\/media?parent=539"}],"curies":[{"name":"wp","href":"https:\/\/api.w.org\/{rel}","templated":true}]}}