{"id":561,"date":"2023-01-24T12:48:58","date_gmt":"2023-01-24T11:48:58","guid":{"rendered":"http:\/\/www2.sonnelaas.com\/condizioni-generali-di-contratto-2\/"},"modified":"2023-11-07T09:42:37","modified_gmt":"2023-11-07T08:42:37","slug":"condizioni-generali-di-contratto-2","status":"publish","type":"page","link":"https:\/\/sonnelaas.com\/it\/condizioni-generali-di-contratto-2\/","title":{"rendered":"Condizioni Generali di Contratto"},"content":{"rendered":"\n\n\t<h2 id=\"u121981-2\">Condizioni Generali di Contratto<\/h2>\n<p>Una volta conclusa la procedura di prenotazione, confermare di avere letto e compreso le Condizioni Generali di Contratto sotto elencate, di accettarle e di riconoscerne l&#8217;efficacia giuridica illimitata.<\/p>\n<h3>1. Entit\u00e0 dei servizi<\/h3>\n<p>Attraverso il sito web la HGV Service cooperativa (e i suoi partner cooperativi e commerciali) mette a disposizione una piattaforma online che consente ai servizi di ricettivit\u00e0 turistica di proporre camere\/suite\/appartamenti e alloggi simili prenotabili e mediante la quale \u00e8 possibile effettuare prenotazioni. La prenotazione effettuata attraverso il servizio internet utilizzato comporta la stipula di un rapporto contrattuale giuridicamente vincolante con il servizio di ricettivit\u00e0 turistica.<\/p>\n<p>Dal momento della prenotazione il nostro compito \u00e8 esclusivamente quello di fungere da mediatori tra il cliente e il servizio di ricettivit\u00e0, al quale sono trasmessi i dati della prenotazione. Come attestato di prenotazione e dopo l&#8217;eventuale versamento di una caparra (laddove previsto) il cliente ricever\u00e0 la relativa e-mail di conferma.<\/p>\n\n<h3>2. Prezzi<\/h3>\n<p>I prezzi esposti nel nostro sito sono estremamente competitivi. Tutti i prezzi indicati nel portale di prenotazione sono comprensivi di I.V.A..<\/p>\n<p>Si prega di notare che dal 01\/01\/2014 \u00e8 in vigore la tassa di soggiorno, che NON \u00e8 inclusa nei prezzi pubblicati.<\/p>\n<p>L&#8217;importo della tassa di soggiorno dipende sia dal settore e dalla categoria della struttura ricettiva che dalle normative del Comune. La tassa di soggiorno deve essere pagata direttamente presso la struttura ricettiva.<\/p>\n<h3>3. Tutela dei dati<\/h3>\n<p>In base all&#8217;articolo 13 del Decreto legislativo n. 193 del 30 giugno 2006, informiamo che i dati digitati dal cliente durante la procedura di prenotazione, ad eccezione del numero di carta di credito, vengono inoltrati all&#8217;atto della prenotazione al servizio di ricettivit\u00e0 turistica interessato, in quanto sono indispensabili per l&#8217;esecuzione della prestazione.<\/p>\n<p>I dati vengono inoltre salvati e trattati in formato digitale dalla HGV Service Cooperativa, allo scopo di divulgare informazioni e\/o materiale pubblicitario. I dati possono anche essere inoltrati a eventuali partner della HGV Service Cooperativa. Una volta conclusa la prenotazione il cliente riceve l&#8217;autorizzazione all&#8217;utilizzo dei propri dati conformemente alle condizioni menzionate. Al cliente spettano i diritti attinenti il trattamento dei dati. Titolare del diritto \u00e8 la HGV Service Cooperativa, Via Macello 59, I-39100 Bolzano.<\/p>\n<p>Il cliente non \u00e8 comunque autorizzato a divulgare contenuti o informazioni disponibili nel nostro sito web per scopi commerciali o di concorrenza, a utilizzare, duplicare, estrapolare, ripubblicare, caricare e\/o riprodurre sottopagine di siti web.<\/p>\n<h3>4. prenotazione e deposito<\/h3>\n<p>Di solito chiediamo un deposito di almeno 1 notte o fino al 30% dell&#8217;importo totale, a seconda del periodo prenotato.<\/p>\n<h3>5. condizioni di cancellazione<\/h3>\n<p>Non esiste un diritto di recesso ai sensi del Codice del Consumo, tuttavia garantiamo le seguenti condizioni di cancellazione:<\/p>\n<ul>\n<li>fino a 61 giorni prima dell&#8217;arrivo \u00e8 possibile cancellare gratuitamente.<\/li>\n<li>da 60 a 8 giorni prima dell&#8217;arrivo: 33 % del prezzo totale concordato meno la caparra gi\u00e0 versata per la conferma.<\/li>\n<li>da 7 giorni prima dell&#8217;arrivo: 100 % del prezzo totale concordato meno la caparra gi\u00e0 versata per la conferma.<\/li>\n<li>In caso di partenza anticipata o arrivo posticipato: 100 % della tariffa giornaliera concordata per ogni giorno non utilizzato.<\/li>\n<\/ul>\n<p>Se avete prenotato tramite un&#8217;agenzia, si applicano le condizioni ivi stabilite.<\/p>\n<p>&nbsp;<\/p>\n<h3>6. arrivo e partenza<\/h3>\n<p>Check In: tra le 14:00 e le 18:00. Vi preghiamo di informarci se l&#8217;arrivo previsto si discosta da questi orari. In caso contrario ci riserviamo il diritto di subaffittare le camere se necessario, un arrivo al di fuori dei nostri orari di apertura non \u00e8 garantito. Si prega inoltre di notare che il check-in non \u00e8 possibile durante il servizio di pranzo (12.00 &#8211; 14.00). Durante il servizio serale (dalle 18:00) potrebbe esserci una breve attesa al check-in. Il giorno della partenza vi chiediamo gentilmente di liberare le camere entro le ore 10:00.<\/p>\n<h3>7. pagamento<\/h3>\nAccettiamo contanti, bonifico bancario istantaneo, MasterCard, Visa e carta EC.<br \/>\nAccettiamo biglietti da visita solo per il pagamento di fatture aziendali, non per vacanze private.<br \/>\nLe carte Diners Club e American Express non sono accettate.<br \/>\nSu richiesta e previa comunicazione dei dati pertinenti, possiamo emettere fatture alle aziende. Il conto deve essere richiesto al pi\u00f9 tardi al momento del check-out. Le riscritture successive non sono pi\u00f9 possibili.\n<h3>8. esclusione di responsabilit\u00e0<\/h3>\n<p>La HGV Service Cooperativa risponde esclusivamente dei danni diretti risultanti al cliente a causa del mancato adempimento da parte della HGV Service Cooperativadegli obblighi relativi alla propria attivit\u00e0. In ogni caso la HGV Service Cooperativa risponde al massimo per l&#8217;ammontare del prezzo totale della prenotazione, cui fa riferimento la responsabilit\u00e0 civile.<\/p>\n<p>La responsabilit\u00e0 della correttezza dei dati riportati nel portale compete esclusivamente ai servizi di ricettivit\u00e0 turistica. La presentazione dei servizi di ricettivit\u00e0 all&#8217;interno del portale non ha valore di valutazione o di raccomandazione.<\/p>\n<p>Non ci assumiamo alcuna responsabilit\u00e0 per informazioni errate e\/o non veritiere pubblicate nel portale e concernenti i servizi di ricettivit\u00e0 (compresi prezzi e disponibilit\u00e0). Allo stesso modo, la HGV Service Cooperativa non pu\u00f2 essere ritenuta in alcun modo responsabile per le prestazioni fornite nei servizi di ricettivit\u00e0 turistica e per eventuali danni correlati con il soggiorno presso un servizio di ricettivit\u00e0, nonch\u00e9 per i danni verificatisi prima o dopo il soggiorno e correlati in qualche modo con la prenotazione, l&#8217;annullamento, l&#8217;arrivo posticipato o la partenza anticipata.<\/p>\n<h3>8. Varie<\/h3>\n<p>Salvo diversamente indicato, il software utilizzato per le nostre prestazioni e\/o per il nostro sito web e messo a disposizione nel nostro sito web, nonch\u00e9 la propriet\u00e0 intellettuale, compresi i diritti di copyright sui contenuti e sulle applicazioni del nostro sito web, sono di propriet\u00e0 della HGV Service Cooperativa.<\/p>\n<p>Le presenti Condizioni Generali di Contratto e la messa a disposizione delle nostre prestazioni sono soggetti al diritto italiano e devono essere interpretate conformemente ad esso. Per tutte le controversie risultanti o correlate con le presenti Condizioni Generali di Contratto \u00e8 competente esclusivamente il Foro di Bolzano (Italia).<\/p>\n<p>Se una delle condizioni del presente contratto \u00e8 o diventa nulla, ci\u00f2 non inficia la validit\u00e0 di tutte le altre condizioni valide per le parti contraenti.<\/p>\n<p>Comunicazione ai sensi della Parte III, Titolo III, Capo I del (d.lgs. 206\/2005).<\/p>\nInformazione obbligatoria ai sensi del Regolamento UE n. 524\/2013 del Parlamento europeo e del Consiglio\n<p>Piattaforma per la risoluzione delle controversie online dei consumatori (ODR) della Commissione europea:<\/p>\n<p><a href=\"http:\/\/ec.europa.eu\/consumers\/odr\/\">http:\/\/ec.europa.eu\/consumers\/odr\/<\/a><\/p>\n\n\n","protected":false},"excerpt":{"rendered":"<p>Condizioni Generali di Contratto Una volta conclusa la procedura di prenotazione, confermare di avere letto e compreso le Condizioni Generali di Contratto sotto elencate, di accettarle e di riconoscerne l&#8217;efficacia giuridica illimitata. 1. Entit\u00e0 dei servizi Attraverso il sito web la HGV Service cooperativa (e i suoi partner cooperativi e commerciali) mette a disposizione una [&hellip;]<\/p>\n","protected":false},"author":1,"featured_media":0,"parent":0,"menu_order":0,"comment_status":"closed","ping_status":"closed","template":"","meta":{"site-sidebar-layout":"default","site-content-layout":"","ast-site-content-layout":"default","site-content-style":"default","site-sidebar-style":"default","ast-global-header-display":"","ast-banner-title-visibility":"","ast-main-header-display":"","ast-hfb-above-header-display":"","ast-hfb-below-header-display":"","ast-hfb-mobile-header-display":"","site-post-title":"disabled","ast-breadcrumbs-content":"","ast-featured-img":"","footer-sml-layout":"","ast-disable-related-posts":"","theme-transparent-header-meta":"","adv-header-id-meta":"","stick-header-meta":"","header-above-stick-meta":"","header-main-stick-meta":"","header-below-stick-meta":"","astra-migrate-meta-layouts":"default","ast-page-background-enabled":"default","ast-page-background-meta":{"desktop":{"background-color":"var(--ast-global-color-4)","background-image":"","background-repeat":"repeat","background-position":"center center","background-size":"auto","background-attachment":"scroll","background-type":"","background-media":"","overlay-type":"","overlay-color":"","overlay-opacity":"","overlay-gradient":""},"tablet":{"background-color":"","background-image":"","background-repeat":"repeat","background-position":"center center","background-size":"auto","background-attachment":"scroll","background-type":"","background-media":"","overlay-type":"","overlay-color":"","overlay-opacity":"","overlay-gradient":""},"mobile":{"background-color":"","background-image":"","background-repeat":"repeat","background-position":"center center","background-size":"auto","background-attachment":"scroll","background-type":"","background-media":"","overlay-type":"","overlay-color":"","overlay-opacity":"","overlay-gradient":""}},"ast-content-background-meta":{"desktop":{"background-color":"var(--ast-global-color-5)","background-image":"","background-repeat":"repeat","background-position":"center center","background-size":"auto","background-attachment":"scroll","background-type":"","background-media":"","overlay-type":"","overlay-color":"","overlay-opacity":"","overlay-gradient":""},"tablet":{"background-color":"var(--ast-global-color-5)","background-image":"","background-repeat":"repeat","background-position":"center center","background-size":"auto","background-attachment":"scroll","background-type":"","background-media":"","overlay-type":"","overlay-color":"","overlay-opacity":"","overlay-gradient":""},"mobile":{"background-color":"var(--ast-global-color-5)","background-image":"","background-repeat":"repeat","background-position":"center center","background-size":"auto","background-attachment":"scroll","background-type":"","background-media":"","overlay-type":"","overlay-color":"","overlay-opacity":"","overlay-gradient":""}},"footnotes":""},"class_list":["post-561","page","type-page","status-publish","hentry"],"yoast_head":"<!-- This site is optimized with the Yoast SEO plugin v27.4 - https:\/\/yoast.com\/product\/yoast-seo-wordpress\/ -->\n<title>Condizioni Generali di Contratto - Albergo al sole<\/title>\n<meta name=\"description\" content=\"Belle camere e alloggi a Laas, nel cuore della Val Venosta in Alto Adige - Italia - Paradiso delle vacanze per mountain bike, escursioni, tour in montagna e sci - Albergo al Sole - Lasa\" \/>\n<meta name=\"robots\" content=\"index, follow, max-snippet:-1, max-image-preview:large, max-video-preview:-1\" \/>\n<link rel=\"canonical\" href=\"https:\/\/sonnelaas.com\/it\/condizioni-generali-di-contratto-2\/\" \/>\n<meta property=\"og:locale\" content=\"it_IT\" \/>\n<meta property=\"og:type\" content=\"article\" \/>\n<meta property=\"og:title\" content=\"Condizioni Generali di Contratto - Albergo al sole\" \/>\n<meta property=\"og:description\" content=\"Belle camere e alloggi a Laas, nel cuore della Val Venosta in Alto Adige - Italia - Paradiso delle vacanze per mountain bike, escursioni, tour in montagna e sci - Albergo al Sole - Lasa\" \/>\n<meta property=\"og:url\" content=\"https:\/\/sonnelaas.com\/it\/condizioni-generali-di-contratto-2\/\" \/>\n<meta property=\"og:site_name\" content=\"sonnelaas\" \/>\n<meta property=\"article:modified_time\" content=\"2023-11-07T08:42:37+00:00\" \/>\n<meta name=\"twitter:card\" content=\"summary_large_image\" \/>\n<meta name=\"twitter:label1\" content=\"Tempo di lettura stimato\" \/>\n\t<meta name=\"twitter:data1\" content=\"5 minuti\" \/>\n<script type=\"application\/ld+json\" class=\"yoast-schema-graph\">{\"@context\":\"https:\\\/\\\/schema.org\",\"@graph\":[{\"@type\":\"WebPage\",\"@id\":\"https:\\\/\\\/sonnelaas.com\\\/it\\\/condizioni-generali-di-contratto-2\\\/\",\"url\":\"https:\\\/\\\/sonnelaas.com\\\/it\\\/condizioni-generali-di-contratto-2\\\/\",\"name\":\"Condizioni Generali di Contratto - Albergo al sole\",\"isPartOf\":{\"@id\":\"https:\\\/\\\/sonnelaas.com\\\/it\\\/#website\"},\"datePublished\":\"2023-01-24T11:48:58+00:00\",\"dateModified\":\"2023-11-07T08:42:37+00:00\",\"description\":\"Belle camere e alloggi a Laas, nel cuore della Val Venosta in Alto Adige - Italia - Paradiso delle vacanze per mountain bike, escursioni, tour in montagna e sci - Albergo al Sole - Lasa\",\"breadcrumb\":{\"@id\":\"https:\\\/\\\/sonnelaas.com\\\/it\\\/condizioni-generali-di-contratto-2\\\/#breadcrumb\"},\"inLanguage\":\"it-IT\",\"potentialAction\":[{\"@type\":\"ReadAction\",\"target\":[\"https:\\\/\\\/sonnelaas.com\\\/it\\\/condizioni-generali-di-contratto-2\\\/\"]}]},{\"@type\":\"BreadcrumbList\",\"@id\":\"https:\\\/\\\/sonnelaas.com\\\/it\\\/condizioni-generali-di-contratto-2\\\/#breadcrumb\",\"itemListElement\":[{\"@type\":\"ListItem\",\"position\":1,\"name\":\"Startseite\",\"item\":\"https:\\\/\\\/sonnelaas.com\\\/it\\\/\"},{\"@type\":\"ListItem\",\"position\":2,\"name\":\"Condizioni Generali di Contratto\"}]},{\"@type\":\"WebSite\",\"@id\":\"https:\\\/\\\/sonnelaas.com\\\/it\\\/#website\",\"url\":\"https:\\\/\\\/sonnelaas.com\\\/it\\\/\",\"name\":\"sonnelaas\",\"description\":\"Gasthof zur Sonne Laas\",\"publisher\":{\"@id\":\"https:\\\/\\\/sonnelaas.com\\\/it\\\/#organization\"},\"potentialAction\":[{\"@type\":\"SearchAction\",\"target\":{\"@type\":\"EntryPoint\",\"urlTemplate\":\"https:\\\/\\\/sonnelaas.com\\\/it\\\/?s={search_term_string}\"},\"query-input\":{\"@type\":\"PropertyValueSpecification\",\"valueRequired\":true,\"valueName\":\"search_term_string\"}}],\"inLanguage\":\"it-IT\"},{\"@type\":\"Organization\",\"@id\":\"https:\\\/\\\/sonnelaas.com\\\/it\\\/#organization\",\"name\":\"sonnelaas\",\"url\":\"https:\\\/\\\/sonnelaas.com\\\/it\\\/\",\"logo\":{\"@type\":\"ImageObject\",\"inLanguage\":\"it-IT\",\"@id\":\"https:\\\/\\\/sonnelaas.com\\\/it\\\/#\\\/schema\\\/logo\\\/image\\\/\",\"url\":\"https:\\\/\\\/sonnelaas.com\\\/wp-content\\\/uploads\\\/2022\\\/01\\\/LogoVectorSonnne.svg\",\"contentUrl\":\"https:\\\/\\\/sonnelaas.com\\\/wp-content\\\/uploads\\\/2022\\\/01\\\/LogoVectorSonnne.svg\",\"caption\":\"sonnelaas\"},\"image\":{\"@id\":\"https:\\\/\\\/sonnelaas.com\\\/it\\\/#\\\/schema\\\/logo\\\/image\\\/\"}}]}<\/script>\n<!-- \/ Yoast SEO plugin. -->","yoast_head_json":{"title":"Condizioni Generali di Contratto - Albergo al sole","description":"Belle camere e alloggi a Laas, nel cuore della Val Venosta in Alto Adige - Italia - Paradiso delle vacanze per mountain bike, escursioni, tour in montagna e sci - Albergo al Sole - Lasa","robots":{"index":"index","follow":"follow","max-snippet":"max-snippet:-1","max-image-preview":"max-image-preview:large","max-video-preview":"max-video-preview:-1"},"canonical":"https:\/\/sonnelaas.com\/it\/condizioni-generali-di-contratto-2\/","og_locale":"it_IT","og_type":"article","og_title":"Condizioni Generali di Contratto - Albergo al sole","og_description":"Belle camere e alloggi a Laas, nel cuore della Val Venosta in Alto Adige - Italia - Paradiso delle vacanze per mountain bike, escursioni, tour in montagna e sci - Albergo al Sole - Lasa","og_url":"https:\/\/sonnelaas.com\/it\/condizioni-generali-di-contratto-2\/","og_site_name":"sonnelaas","article_modified_time":"2023-11-07T08:42:37+00:00","twitter_card":"summary_large_image","twitter_misc":{"Tempo di lettura stimato":"5 minuti"},"schema":{"@context":"https:\/\/schema.org","@graph":[{"@type":"WebPage","@id":"https:\/\/sonnelaas.com\/it\/condizioni-generali-di-contratto-2\/","url":"https:\/\/sonnelaas.com\/it\/condizioni-generali-di-contratto-2\/","name":"Condizioni Generali di Contratto - Albergo al sole","isPartOf":{"@id":"https:\/\/sonnelaas.com\/it\/#website"},"datePublished":"2023-01-24T11:48:58+00:00","dateModified":"2023-11-07T08:42:37+00:00","description":"Belle camere e alloggi a Laas, nel cuore della Val Venosta in Alto Adige - Italia - Paradiso delle vacanze per mountain bike, escursioni, tour in montagna e sci - Albergo al Sole - Lasa","breadcrumb":{"@id":"https:\/\/sonnelaas.com\/it\/condizioni-generali-di-contratto-2\/#breadcrumb"},"inLanguage":"it-IT","potentialAction":[{"@type":"ReadAction","target":["https:\/\/sonnelaas.com\/it\/condizioni-generali-di-contratto-2\/"]}]},{"@type":"BreadcrumbList","@id":"https:\/\/sonnelaas.com\/it\/condizioni-generali-di-contratto-2\/#breadcrumb","itemListElement":[{"@type":"ListItem","position":1,"name":"Startseite","item":"https:\/\/sonnelaas.com\/it\/"},{"@type":"ListItem","position":2,"name":"Condizioni Generali di Contratto"}]},{"@type":"WebSite","@id":"https:\/\/sonnelaas.com\/it\/#website","url":"https:\/\/sonnelaas.com\/it\/","name":"sonnelaas","description":"Gasthof zur Sonne Laas","publisher":{"@id":"https:\/\/sonnelaas.com\/it\/#organization"},"potentialAction":[{"@type":"SearchAction","target":{"@type":"EntryPoint","urlTemplate":"https:\/\/sonnelaas.com\/it\/?s={search_term_string}"},"query-input":{"@type":"PropertyValueSpecification","valueRequired":true,"valueName":"search_term_string"}}],"inLanguage":"it-IT"},{"@type":"Organization","@id":"https:\/\/sonnelaas.com\/it\/#organization","name":"sonnelaas","url":"https:\/\/sonnelaas.com\/it\/","logo":{"@type":"ImageObject","inLanguage":"it-IT","@id":"https:\/\/sonnelaas.com\/it\/#\/schema\/logo\/image\/","url":"https:\/\/sonnelaas.com\/wp-content\/uploads\/2022\/01\/LogoVectorSonnne.svg","contentUrl":"https:\/\/sonnelaas.com\/wp-content\/uploads\/2022\/01\/LogoVectorSonnne.svg","caption":"sonnelaas"},"image":{"@id":"https:\/\/sonnelaas.com\/it\/#\/schema\/logo\/image\/"}}]}},"_links":{"self":[{"href":"https:\/\/sonnelaas.com\/it\/wp-json\/wp\/v2\/pages\/561","targetHints":{"allow":["GET"]}}],"collection":[{"href":"https:\/\/sonnelaas.com\/it\/wp-json\/wp\/v2\/pages"}],"about":[{"href":"https:\/\/sonnelaas.com\/it\/wp-json\/wp\/v2\/types\/page"}],"author":[{"embeddable":true,"href":"https:\/\/sonnelaas.com\/it\/wp-json\/wp\/v2\/users\/1"}],"replies":[{"embeddable":true,"href":"https:\/\/sonnelaas.com\/it\/wp-json\/wp\/v2\/comments?post=561"}],"version-history":[{"count":2,"href":"https:\/\/sonnelaas.com\/it\/wp-json\/wp\/v2\/pages\/561\/revisions"}],"predecessor-version":[{"id":658,"href":"https:\/\/sonnelaas.com\/it\/wp-json\/wp\/v2\/pages\/561\/revisions\/658"}],"wp:attachment":[{"href":"https:\/\/sonnelaas.com\/it\/wp-json\/wp\/v2\/media?parent=561"}],"curies":[{"name":"wp","href":"https:\/\/api.w.org\/{rel}","templated":true}]}}